{"id":5142,"date":"2021-06-15T09:48:50","date_gmt":"2021-06-15T12:48:50","guid":{"rendered":"https:\/\/elcheverin.com\/lasmargaritas\/pjl\/revuelto-de-gramajo-con-fajitas-de-pollo-y-champinon\/"},"modified":"2026-04-01T00:23:02","modified_gmt":"2026-04-01T03:23:02","slug":"revuelto-de-gramajo-con-fajitas-de-pollo-y-champinon","status":"archived","type":"product","link":"https:\/\/elcheverin.com\/lasmargaritas\/pjl\/revuelto-de-gramajo-con-fajitas-de-pollo-y-champinon\/","title":{"rendered":"Arroz a la parisienne"},"content":{"rendered":"<p><\/p>\n","protected":false},"excerpt":{"rendered":"<p>\u00a0(champi\u00f1\u00f3n, jam\u00f3n, salsa blanca y fajitas de pollo)<\/p>\n","protected":false},"featured_media":16560,"template":"","meta":{"neve_meta_sidebar":"","neve_meta_container":"","neve_meta_enable_content_width":"","neve_meta_content_width":0,"neve_meta_title_alignment":"","neve_meta_author_avatar":"","neve_post_elements_order":"","neve_meta_disable_header":"","neve_meta_disable_footer":"","neve_meta_disable_title":""},"product_brand":[],"product_cat":[149],"product_tag":[],"class_list":{"0":"post-5142","1":"product","2":"type-product","3":"status-archived","4":"has-post-thumbnail","6":"product_cat-plato-del-dia","8":"first","9":"instock","10":"shipping-taxable","11":"product-type-simple"},"_links":{"self":[{"href":"https:\/\/elcheverin.com\/lasmargaritas\/wp-json\/wp\/v2\/product\/5142","targetHints":{"allow":["GET"]}}],"collection":[{"href":"https:\/\/elcheverin.com\/lasmargaritas\/wp-json\/wp\/v2\/product"}],"about":[{"href":"https:\/\/elcheverin.com\/lasmargaritas\/wp-json\/wp\/v2\/types\/product"}],"version-history":[{"count":1,"href":"https:\/\/elcheverin.com\/lasmargaritas\/wp-json\/wp\/v2\/product\/5142\/revisions"}],"predecessor-version":[{"id":12418,"href":"https:\/\/elcheverin.com\/lasmargaritas\/wp-json\/wp\/v2\/product\/5142\/revisions\/12418"}],"wp:featuredmedia":[{"embeddable":true,"href":"https:\/\/elcheverin.com\/lasmargaritas\/wp-json\/wp\/v2\/media\/16560"}],"wp:attachment":[{"href":"https:\/\/elcheverin.com\/lasmargaritas\/wp-json\/wp\/v2\/media?parent=5142"}],"wp:term":[{"taxonomy":"product_brand","embeddable":true,"href":"https:\/\/elcheverin.com\/lasmargaritas\/wp-json\/wp\/v2\/product_brand?post=5142"},{"taxonomy":"product_cat","embeddable":true,"href":"https:\/\/elcheverin.com\/lasmargaritas\/wp-json\/wp\/v2\/product_cat?post=5142"},{"taxonomy":"product_tag","embeddable":true,"href":"https:\/\/elcheverin.com\/lasmargaritas\/wp-json\/wp\/v2\/product_tag?post=5142"}],"curies":[{"name":"wp","href":"https:\/\/api.w.org\/{rel}","templated":true}]}}