{"id":3561,"date":"2020-12-29T11:19:10","date_gmt":"2020-12-29T14:19:10","guid":{"rendered":"https:\/\/elcheverin.com\/lasmargaritas\/pjl\/bife-de-cuadril-con-papas-fritas-%c2%bd-caballo\/"},"modified":"2026-03-24T23:47:19","modified_gmt":"2026-03-25T02:47:19","slug":"bife-de-cuadril-con-papas-fritas-%c2%bd-caballo","status":"archived","type":"product","link":"https:\/\/elcheverin.com\/lasmargaritas\/pjl\/bife-de-cuadril-con-papas-fritas-%c2%bd-caballo\/","title":{"rendered":"Omelet de pollo, verdura, jam\u00f3n y champi\u00f1ones con ensalada de r\u00facula, parmesano y cebolla"},"content":{"rendered":"<p><\/p>\n","protected":false},"excerpt":{"rendered":"<p><\/p>\n","protected":false},"featured_media":16463,"template":"","meta":{"neve_meta_sidebar":"","neve_meta_container":"","neve_meta_enable_content_width":"","neve_meta_content_width":0,"neve_meta_title_alignment":"","neve_meta_author_avatar":"","neve_post_elements_order":"","neve_meta_disable_header":"","neve_meta_disable_footer":"","neve_meta_disable_title":""},"product_brand":[],"product_cat":[149],"product_tag":[],"class_list":{"0":"post-3561","1":"product","2":"type-product","3":"status-archived","4":"has-post-thumbnail","6":"product_cat-plato-del-dia","8":"first","9":"instock","10":"shipping-taxable","11":"product-type-simple"},"_links":{"self":[{"href":"https:\/\/elcheverin.com\/lasmargaritas\/wp-json\/wp\/v2\/product\/3561","targetHints":{"allow":["GET"]}}],"collection":[{"href":"https:\/\/elcheverin.com\/lasmargaritas\/wp-json\/wp\/v2\/product"}],"about":[{"href":"https:\/\/elcheverin.com\/lasmargaritas\/wp-json\/wp\/v2\/types\/product"}],"version-history":[{"count":1,"href":"https:\/\/elcheverin.com\/lasmargaritas\/wp-json\/wp\/v2\/product\/3561\/revisions"}],"predecessor-version":[{"id":16461,"href":"https:\/\/elcheverin.com\/lasmargaritas\/wp-json\/wp\/v2\/product\/3561\/revisions\/16461"}],"wp:featuredmedia":[{"embeddable":true,"href":"https:\/\/elcheverin.com\/lasmargaritas\/wp-json\/wp\/v2\/media\/16463"}],"wp:attachment":[{"href":"https:\/\/elcheverin.com\/lasmargaritas\/wp-json\/wp\/v2\/media?parent=3561"}],"wp:term":[{"taxonomy":"product_brand","embeddable":true,"href":"https:\/\/elcheverin.com\/lasmargaritas\/wp-json\/wp\/v2\/product_brand?post=3561"},{"taxonomy":"product_cat","embeddable":true,"href":"https:\/\/elcheverin.com\/lasmargaritas\/wp-json\/wp\/v2\/product_cat?post=3561"},{"taxonomy":"product_tag","embeddable":true,"href":"https:\/\/elcheverin.com\/lasmargaritas\/wp-json\/wp\/v2\/product_tag?post=3561"}],"curies":[{"name":"wp","href":"https:\/\/api.w.org\/{rel}","templated":true}]}}