{"id":2500,"date":"2020-09-18T19:39:55","date_gmt":"2020-09-18T22:39:55","guid":{"rendered":"https:\/\/elcheverin.com\/lasmargaritas\/?post_type=product&#038;p=2500"},"modified":"2025-11-19T08:46:04","modified_gmt":"2025-11-19T11:46:04","slug":"fugazzetta-rellena-especial","status":"publish","type":"product","link":"https:\/\/elcheverin.com\/lasmargaritas\/pjl\/fugazzetta-rellena-especial\/","title":{"rendered":"Fugazzetta rellena especial"},"content":{"rendered":"<p><\/p>\n","protected":false},"excerpt":{"rendered":"<p>Doble muzzarella, jam\u00f3n, morr\u00f3n, cebolla y or\u00e9gano<\/p>\n","protected":false},"featured_media":15784,"template":"","meta":{"neve_meta_sidebar":"","neve_meta_container":"","neve_meta_enable_content_width":"off","neve_meta_content_width":70,"neve_meta_title_alignment":"","neve_meta_author_avatar":"","neve_post_elements_order":"","neve_meta_disable_header":"","neve_meta_disable_footer":"","neve_meta_disable_title":""},"product_brand":[],"product_cat":[113],"product_tag":[],"class_list":{"0":"post-2500","1":"product","2":"type-product","3":"status-publish","4":"has-post-thumbnail","6":"product_cat-calzones-a-la-piedra-y-pizzas-rellenas","8":"first","9":"instock","10":"shipping-taxable","11":"purchasable","12":"product-type-variable"},"_links":{"self":[{"href":"https:\/\/elcheverin.com\/lasmargaritas\/wp-json\/wp\/v2\/product\/2500","targetHints":{"allow":["GET"]}}],"collection":[{"href":"https:\/\/elcheverin.com\/lasmargaritas\/wp-json\/wp\/v2\/product"}],"about":[{"href":"https:\/\/elcheverin.com\/lasmargaritas\/wp-json\/wp\/v2\/types\/product"}],"version-history":[{"count":1,"href":"https:\/\/elcheverin.com\/lasmargaritas\/wp-json\/wp\/v2\/product\/2500\/revisions"}],"predecessor-version":[{"id":11722,"href":"https:\/\/elcheverin.com\/lasmargaritas\/wp-json\/wp\/v2\/product\/2500\/revisions\/11722"}],"wp:featuredmedia":[{"embeddable":true,"href":"https:\/\/elcheverin.com\/lasmargaritas\/wp-json\/wp\/v2\/media\/15784"}],"wp:attachment":[{"href":"https:\/\/elcheverin.com\/lasmargaritas\/wp-json\/wp\/v2\/media?parent=2500"}],"wp:term":[{"taxonomy":"product_brand","embeddable":true,"href":"https:\/\/elcheverin.com\/lasmargaritas\/wp-json\/wp\/v2\/product_brand?post=2500"},{"taxonomy":"product_cat","embeddable":true,"href":"https:\/\/elcheverin.com\/lasmargaritas\/wp-json\/wp\/v2\/product_cat?post=2500"},{"taxonomy":"product_tag","embeddable":true,"href":"https:\/\/elcheverin.com\/lasmargaritas\/wp-json\/wp\/v2\/product_tag?post=2500"}],"curies":[{"name":"wp","href":"https:\/\/api.w.org\/{rel}","templated":true}]}}