{"id":3556,"date":"2021-11-06T21:48:58","date_gmt":"2021-11-07T00:48:58","guid":{"rendered":"https:\/\/elcheverin.com\/alrayandeli\/?post_type=product&#038;p=3556"},"modified":"2026-03-25T01:11:29","modified_gmt":"2026-03-25T04:11:29","slug":"trictico","status":"publish","type":"product","link":"https:\/\/elcheverin.com\/alrayandeli\/pjl\/trictico\/","title":{"rendered":"Triptico"},"content":{"rendered":"<blockquote>\n<p><\/p>\n<\/blockquote>\n","protected":false},"excerpt":{"rendered":"<p style=\"text-align: left\" data-mce-style=\"text-align: left;\">Pur\u00e9 de garbanzo, pur\u00e9 de berenjena y pur\u00e9 de morrones.<\/p>\n<p>\n<a href=\"https:\/\/elcheverin.com\/alrayandeli\/wp-content\/uploads\/sites\/9\/2020\/09\/vegano-1.png\"><img decoding=\"async\" class=\"alignnone size-full wp-image-11198\" src=\"https:\/\/elcheverin.com\/alrayandeli\/wp-content\/uploads\/sites\/9\/2020\/09\/vegano-1.png\" alt=\"\" width=\"35\" height=\"35\" \/><\/a><\/p>\n<p><a href=\"https:\/\/elcheverin.com\/alrayandeli\/wp-content\/uploads\/sites\/9\/2020\/09\/vegetariano-1.png\"><img decoding=\"async\" class=\"alignnone size-full wp-image-11199\" src=\"https:\/\/elcheverin.com\/alrayandeli\/wp-content\/uploads\/sites\/9\/2020\/09\/vegetariano-1.png\" alt=\"\" width=\"35\" height=\"35\" \/><\/a><\/p>\n","protected":false},"featured_media":11202,"template":"","meta":{"neve_meta_sidebar":"","neve_meta_container":"","neve_meta_enable_content_width":"off","neve_meta_content_width":70,"neve_meta_title_alignment":"","neve_meta_author_avatar":"","neve_post_elements_order":"","neve_meta_disable_header":"","neve_meta_disable_footer":"","neve_meta_disable_title":""},"product_brand":[],"product_cat":[93],"product_tag":[],"class_list":{"0":"post-3556","1":"product","2":"type-product","3":"status-publish","4":"has-post-thumbnail","6":"product_cat-entradas","8":"first","9":"instock","10":"shipping-taxable","11":"purchasable","12":"product-type-simple"},"_links":{"self":[{"href":"https:\/\/elcheverin.com\/alrayandeli\/wp-json\/wp\/v2\/product\/3556","targetHints":{"allow":["GET"]}}],"collection":[{"href":"https:\/\/elcheverin.com\/alrayandeli\/wp-json\/wp\/v2\/product"}],"about":[{"href":"https:\/\/elcheverin.com\/alrayandeli\/wp-json\/wp\/v2\/types\/product"}],"version-history":[{"count":4,"href":"https:\/\/elcheverin.com\/alrayandeli\/wp-json\/wp\/v2\/product\/3556\/revisions"}],"predecessor-version":[{"id":11225,"href":"https:\/\/elcheverin.com\/alrayandeli\/wp-json\/wp\/v2\/product\/3556\/revisions\/11225"}],"wp:featuredmedia":[{"embeddable":true,"href":"https:\/\/elcheverin.com\/alrayandeli\/wp-json\/wp\/v2\/media\/11202"}],"wp:attachment":[{"href":"https:\/\/elcheverin.com\/alrayandeli\/wp-json\/wp\/v2\/media?parent=3556"}],"wp:term":[{"taxonomy":"product_brand","embeddable":true,"href":"https:\/\/elcheverin.com\/alrayandeli\/wp-json\/wp\/v2\/product_brand?post=3556"},{"taxonomy":"product_cat","embeddable":true,"href":"https:\/\/elcheverin.com\/alrayandeli\/wp-json\/wp\/v2\/product_cat?post=3556"},{"taxonomy":"product_tag","embeddable":true,"href":"https:\/\/elcheverin.com\/alrayandeli\/wp-json\/wp\/v2\/product_tag?post=3556"}],"curies":[{"name":"wp","href":"https:\/\/api.w.org\/{rel}","templated":true}]}}